{"id":316,"date":"2020-02-14T17:58:10","date_gmt":"2020-02-14T17:58:10","guid":{"rendered":"http:\/\/www.moramarante.pt\/?page_id=316"},"modified":"2022-12-20T12:05:13","modified_gmt":"2022-12-20T12:05:13","slug":"contactos","status":"publish","type":"page","link":"https:\/\/moramarante.pt\/index.php\/contactos\/","title":{"rendered":"Contactos"},"content":{"rendered":"[vc_row][vc_column][vc_column_text]Colocamos ao seu dispor v\u00e1rias formas de contato para que possa<br \/>facilmente contatar-nos.N\u00e3o hesite em faz\u00ea-lo.Estaremos sempre ao seu<br \/>dispor!<\/p>\r\n<p>\r\n\r\n<br \/>Edif\u00edcio Santa Luzia 1, 1\u00ba Andar, Loja AT<br \/>S\u00e3o Gon\u00e7alo<br \/>4600-035 Amarante<br \/>AMI 7640<br \/>+351 255 102 954 (Chamada para Rede Fixa Nacional)<br \/>+351 255 437 285 (Chamada para Rede Fixa Nacional)<br \/>+351 919 657 444 (Chamada para Rede M\u00f3vel Nacional)<br \/>geral@moramarante.pt<\/p>\r\n<p>[\/vc_column_text][vc_column_text]<\/p>\r\n<h2><strong>Contacte-nos<\/strong><\/h2>\r\n<p>[\/vc_column_text][\/vc_column][\/vc_row][vc_row][vc_column]<div class=\"wpforms-container wpforms-container-full\" id=\"wpforms-678\"><form id=\"wpforms-form-678\" class=\"wpforms-validate wpforms-form\" data-formid=\"678\" method=\"post\" enctype=\"multipart\/form-data\" action=\"\/index.php\/wp-json\/wp\/v2\/pages\/316\" data-token=\"7c108dadc52f168f88ec965785dd59c3\" data-token-time=\"1777562478\"><noscript class=\"wpforms-error-noscript\">Please enable JavaScript in your browser to complete this form.<\/noscript><div class=\"wpforms-field-container\"><div id=\"wpforms-678-field_0-container\" class=\"wpforms-field wpforms-field-name\" data-field-id=\"0\"><label class=\"wpforms-field-label\" for=\"wpforms-678-field_0\">Nome <span class=\"wpforms-required-label\">*<\/span><\/label><input type=\"text\" id=\"wpforms-678-field_0\" class=\"wpforms-field-medium wpforms-field-required\" name=\"wpforms[fields][0]\" required><\/div><div id=\"wpforms-678-field_9-container\" class=\"wpforms-field wpforms-field-text\" data-field-id=\"9\"><label class=\"wpforms-field-label\" for=\"wpforms-678-field_9\">Email <span class=\"wpforms-required-label\">*<\/span><\/label><input type=\"text\" id=\"wpforms-678-field_9\" class=\"wpforms-field-medium wpforms-field-required\" name=\"wpforms[fields][9]\" required><\/div><div id=\"wpforms-678-field_7-container\" class=\"wpforms-field wpforms-field-number\" data-field-id=\"7\"><label class=\"wpforms-field-label\" for=\"wpforms-678-field_7\">Contacto <span class=\"wpforms-required-label\">*<\/span><\/label><input type=\"number\" id=\"wpforms-678-field_7\" class=\"wpforms-field-medium wpforms-field-required\" name=\"wpforms[fields][7]\" step=\"any\" required><\/div><div id=\"wpforms-678-field_2-container\" class=\"wpforms-field wpforms-field-textarea\" data-field-id=\"2\"><label class=\"wpforms-field-label\" for=\"wpforms-678-field_2\">Mensagem <span class=\"wpforms-required-label\">*<\/span><\/label><textarea id=\"wpforms-678-field_2\" class=\"wpforms-field-medium wpforms-field-required\" name=\"wpforms[fields][2]\" required><\/textarea><\/div><\/div><!-- .wpforms-field-container --><div class=\"wpforms-field wpforms-field-hp\"><label for=\"wpforms-678-field-hp\" class=\"wpforms-field-label\">Email<\/label><input type=\"text\" name=\"wpforms[hp]\" id=\"wpforms-678-field-hp\" class=\"wpforms-field-medium\"><\/div><div class=\"wpforms-submit-container\" ><input type=\"hidden\" name=\"wpforms[id]\" value=\"678\"><input type=\"hidden\" name=\"page_title\" value=\"\"><input type=\"hidden\" name=\"page_url\" value=\"https:\/\/moramarante.pt\/index.php\/wp-json\/wp\/v2\/pages\/316\"><input type=\"hidden\" name=\"url_referer\" value=\"\"><button type=\"submit\" name=\"wpforms[submit]\" id=\"wpforms-submit-678\" class=\"wpforms-submit\" data-alt-text=\"A enviar...\" data-submit-text=\"Enviar\" aria-live=\"assertive\" value=\"wpforms-submit\">Enviar<\/button><\/div><\/form><\/div>  <!-- .wpforms-container -->[\/vc_column][\/vc_row]","protected":false},"excerpt":{"rendered":"<p>[vc_row][vc_column][vc_column_text]Colocamos ao seu dispor v\u00e1rias formas de contato para que possafacilmente contatar-nos.N\u00e3o hesite em faz\u00ea-lo.Estaremos sempre ao seudispor! Edif\u00edcio Santa Luzia 1, 1\u00ba Andar, Loja ATS\u00e3o Gon\u00e7alo4600-035 AmaranteAMI 7640+351 255 102 954 (Chamada para Rede Fixa Nacional)+351 255 437 285 (Chamada para Rede Fixa Nacional)+351 919 657 444 (Chamada para Rede M\u00f3vel Nacional)geral@moramarante.pt [\/vc_column_text][vc_column_text] Contacte-nos [&hellip;]<\/p>\n","protected":false},"author":1,"featured_media":0,"parent":0,"menu_order":0,"comment_status":"closed","ping_status":"closed","template":"","meta":{"footnotes":""},"class_list":["post-316","page","type-page","status-publish","hentry"],"_links":{"self":[{"href":"https:\/\/moramarante.pt\/index.php\/wp-json\/wp\/v2\/pages\/316","targetHints":{"allow":["GET"]}}],"collection":[{"href":"https:\/\/moramarante.pt\/index.php\/wp-json\/wp\/v2\/pages"}],"about":[{"href":"https:\/\/moramarante.pt\/index.php\/wp-json\/wp\/v2\/types\/page"}],"author":[{"embeddable":true,"href":"https:\/\/moramarante.pt\/index.php\/wp-json\/wp\/v2\/users\/1"}],"replies":[{"embeddable":true,"href":"https:\/\/moramarante.pt\/index.php\/wp-json\/wp\/v2\/comments?post=316"}],"version-history":[{"count":13,"href":"https:\/\/moramarante.pt\/index.php\/wp-json\/wp\/v2\/pages\/316\/revisions"}],"predecessor-version":[{"id":875,"href":"https:\/\/moramarante.pt\/index.php\/wp-json\/wp\/v2\/pages\/316\/revisions\/875"}],"wp:attachment":[{"href":"https:\/\/moramarante.pt\/index.php\/wp-json\/wp\/v2\/media?parent=316"}],"curies":[{"name":"wp","href":"https:\/\/api.w.org\/{rel}","templated":true}]}}