{"id":289,"date":"2020-02-14T16:42:42","date_gmt":"2020-02-14T16:42:42","guid":{"rendered":"http:\/\/www.moramarante.pt\/?page_id=289"},"modified":"2021-07-22T14:32:57","modified_gmt":"2021-07-22T14:32:57","slug":"certificacao-energetica","status":"publish","type":"page","link":"https:\/\/moramarante.pt\/index.php\/certificacao-energetica\/","title":{"rendered":"Saiba quanto vale o seu im\u00f3vel!!"},"content":{"rendered":"\n<h1 class=\"has-text-color wp-block-heading\" style=\"color:#a31d00\">Avalia\u00e7\u00e3o gratuita!!<br><\/h1>\n\n\n\n<p>Quer vender o seu im\u00f3vel mas tem d\u00favidas do valor de mercado? N\u00f3s procedemos a esse estudo(*3) gratuitamente (*1)!!!<\/p>\n\n\n\n<p class=\"has-secondary-color has-text-color\"><br>E ainda!!!<\/p>\n\n\n\n<p>Se optar por colocar o im\u00f3vel em venda connosco tem ainda uma redu\u00e7\u00e3o nos nossos honor\u00e1rios( *2)!! Pergunte-nos as condi\u00e7\u00f5es!!!<\/p>\n\n\n\n<ol class=\"wp-block-list\"><li>Avalia\u00e7\u00e3o gratuita apenas se aplica no concelho de Amarante. Para outras localiza\u00e7\u00f5es dever\u00e1 contactar-nos;<\/li><li>Comiss\u00e3o de venda de 5%, com redu\u00e7\u00e3o para 4%, acrescido de IVA \u00e0 taxa legal em vigor. Pressup\u00f5e celebra\u00e7\u00e3o de contrato em regime de exclusividade pelo per\u00edodo m\u00ednimo de 3 meses.<\/li><li>Entrega de estudo de mercado com pelo menos 3 compara\u00e7\u00f5es id\u00eanticas que se encontrem em venda ou vendidas.<\/li><\/ol>\n","protected":false},"excerpt":{"rendered":"<p>Avalia\u00e7\u00e3o gratuita!! Quer vender o seu im\u00f3vel mas tem d\u00favidas do valor de mercado? N\u00f3s procedemos a esse estudo(*3) gratuitamente (*1)!!! E ainda!!! Se optar por colocar o im\u00f3vel em venda connosco tem ainda uma redu\u00e7\u00e3o nos nossos honor\u00e1rios( *2)!! Pergunte-nos as condi\u00e7\u00f5es!!! Avalia\u00e7\u00e3o gratuita apenas se aplica no concelho de Amarante. Para outras localiza\u00e7\u00f5es [&hellip;]<\/p>\n","protected":false},"author":1,"featured_media":0,"parent":0,"menu_order":0,"comment_status":"closed","ping_status":"closed","template":"","meta":{"footnotes":""},"class_list":["post-289","page","type-page","status-publish","hentry"],"_links":{"self":[{"href":"https:\/\/moramarante.pt\/index.php\/wp-json\/wp\/v2\/pages\/289","targetHints":{"allow":["GET"]}}],"collection":[{"href":"https:\/\/moramarante.pt\/index.php\/wp-json\/wp\/v2\/pages"}],"about":[{"href":"https:\/\/moramarante.pt\/index.php\/wp-json\/wp\/v2\/types\/page"}],"author":[{"embeddable":true,"href":"https:\/\/moramarante.pt\/index.php\/wp-json\/wp\/v2\/users\/1"}],"replies":[{"embeddable":true,"href":"https:\/\/moramarante.pt\/index.php\/wp-json\/wp\/v2\/comments?post=289"}],"version-history":[{"count":3,"href":"https:\/\/moramarante.pt\/index.php\/wp-json\/wp\/v2\/pages\/289\/revisions"}],"predecessor-version":[{"id":2619,"href":"https:\/\/moramarante.pt\/index.php\/wp-json\/wp\/v2\/pages\/289\/revisions\/2619"}],"wp:attachment":[{"href":"https:\/\/moramarante.pt\/index.php\/wp-json\/wp\/v2\/media?parent=289"}],"curies":[{"name":"wp","href":"https:\/\/api.w.org\/{rel}","templated":true}]}}