{"id":281,"date":"2020-02-14T16:23:05","date_gmt":"2020-02-14T16:23:05","guid":{"rendered":"http:\/\/www.moramarante.pt\/?page_id=281"},"modified":"2020-02-14T16:25:35","modified_gmt":"2020-02-14T16:25:35","slug":"fidelidade","status":"publish","type":"page","link":"https:\/\/moramarante.pt\/index.php\/fidelidade\/","title":{"rendered":"Fidelidade"},"content":{"rendered":"\n<div><div class=\"main_image\" style=\"box-sizing: border-box; position: relative; width: 1188px; height: 321px; text-align: center; vertical-align: middle; overflow: hidden; color: rgb(59, 59, 59); font-family: 'Trebuchet MS', sans-serif; font-size: 16px; letter-spacing: -1px; line-height: 22.8571px; background: 50% 50% \/ cover no-repeat rgb(240, 241, 243);\"><div class=\"main_image_container vertical-center\" style=\"box-sizing: border-box; position: relative; top: 160.5px; transform: translateY(-50%); max-width: 600px; max-height: 100%; margin-right: auto; margin-left: auto; padding: 50px 30px; color: rgb(255, 255, 255); background: rgb(238, 36, 41);\"><h3 style=\"box-sizing: border-box; font-family: Lato, 'Trebuchet MS', sans-serif; line-height: 1.4em; color: inherit; font-size: 1em; text-transform: uppercase; letter-spacing: 0px;\">PARTICULARES<\/h3><h1 style=\"box-sizing: border-box; font-size: 2.5em; font-family: Lato, 'Trebuchet MS', sans-serif; line-height: 1.1; color: inherit; text-transform: uppercase; letter-spacing: 0.02em;\">AUTOM\u00d3VEL<\/h1><span class=\"text-uppercase footnote\" style=\"box-sizing: border-box; text-transform: uppercase; margin-top: -5px; font-size: 0.875em; line-height: 1.15em; display: block; letter-spacing: 0.2em;\">CONDUZA SEGURO NA ESTRADA E NA VIDA<\/span><\/div><\/div><div class=\"reasons\" style=\"box-sizing: border-box; font-size: 15px; width: 1188px; padding-top: 55px; padding-bottom: 20px; color: rgb(59, 59, 59); font-family: 'Trebuchet MS', sans-serif; letter-spacing: -1px; background-color: rgb(240, 241, 243);\"><div class=\"reasons_title\" style=\"box-sizing: border-box; display: inline-block; width: 285.109px; vertical-align: top;\"><div class=\"check-circle visible-lg-block\" style=\"box-sizing: border-box; width: 30px; height: 30px; font-size: 1.2em; color: rgb(255, 255, 255); border-radius: 100%; text-align: center; vertical-align: middle; line-height: 1.7em; margin-bottom: 13px; background: rgb(238, 36, 41);\">&nbsp;<\/div><h2 style=\"box-sizing: border-box; font-family: Lato, 'Trebuchet MS', sans-serif; line-height: 1.1; color: inherit; margin-top: 0px; margin-bottom: 0px; font-size: 2em; text-transform: uppercase; letter-spacing: 0.02em;\">3 RAZ\u00d5ES<\/h2><h3 class=\"wrapper_editor\" style=\"box-sizing: border-box; font-family: 'Trebuchet MS'; font-weight: 500; line-height: 1.4em; color: inherit; margin-top: 0px; margin-bottom: 0px; font-size: 1.333em; letter-spacing: 0px; padding-top: 14px; padding-bottom: 15px;\">\u200bpara confiar nas solu\u00e7\u00f5es de prote\u00e7\u00e3o Autom\u00f3vel da Fidelidade<\/h3><\/div>&nbsp;<div class=\"reasons_details slider slick-initialized slick-slider\" style=\"box-sizing: border-box; position: relative; display: inline-block; -webkit-user-select: none; touch-action: pan-y; -webkit-tap-highlight-color: transparent; width: 898.125px; vertical-align: top;\"><div aria-live=\"polite\" class=\"slick-list draggable\" style=\"box-sizing: border-box; position: relative; overflow: hidden; transform: translate3d(0px, 0px, 0px);\" tabindex=\"0\"><div class=\"slick-track\" style=\"box-sizing: border-box; position: relative; top: 0px; left: 0px; display: table; transform: translate3d(0px, 0px, 0px); opacity: 1; width: 2695px;\"><div aria-hidden=\"false\" class=\"reason_container slick-slide slick-active\" data-slick-index=\"0\" style=\"box-sizing: border-box; float: left; height: 217px; min-height: 170px; padding-right: 3px; padding-bottom: 35px; padding-left: 3px;\"><div class=\"reason\" style=\"box-sizing: border-box; vertical-align: top; display: inline-block; width: 295px; padding-right: 15px;\"><div class=\"check-circle\" style=\"box-sizing: border-box; width: 30px; height: 30px; font-size: 1.2em; color: rgb(255, 255, 255); border-radius: 100%; text-align: center; vertical-align: middle; line-height: 1.7em; margin-bottom: 13px; background: rgb(238, 36, 41);\">&nbsp;<\/div><h2 style=\"box-sizing: border-box; font-family: Lato, 'Trebuchet MS', sans-serif; line-height: 1.1; color: inherit; margin-top: 0px; margin-bottom: 0px; font-size: 1.19em; text-transform: uppercase; letter-spacing: 0.02em;\">FLEX\u00cdVEL<\/h2><h3 class=\"wrapper_editor\" style=\"box-sizing: border-box; font-family: 'Trebuchet MS'; font-weight: 500; line-height: 1.6em; color: inherit; margin-top: 0px; margin-bottom: 0px; font-size: 1.067em; letter-spacing: 0px; padding: 5px 1px 15px;\">\u200bLeque de garantias e servi\u00e7os diversificado que permite a constru\u00e7\u00e3o do seguro autom\u00f3vel que mais se adapta \u00e0s suas necessidades.<\/h3><\/div><\/div><div aria-hidden=\"false\" class=\"reason_container slick-slide slick-active\" data-slick-index=\"1\" style=\"box-sizing: border-box; float: left; height: 242px; min-height: 170px; padding-right: 3px; padding-bottom: 35px; padding-left: 3px;\"><div class=\"reason\" style=\"box-sizing: border-box; vertical-align: top; display: inline-block; width: 295px; padding-right: 15px;\"><div class=\"check-circle\" style=\"box-sizing: border-box; width: 30px; height: 30px; font-size: 1.2em; color: rgb(255, 255, 255); border-radius: 100%; text-align: center; vertical-align: middle; line-height: 1.7em; margin-bottom: 13px; background: rgb(238, 36, 41);\">&nbsp;<\/div><h2 style=\"box-sizing: border-box; font-family: Lato, 'Trebuchet MS', sans-serif; line-height: 1.1; color: inherit; margin-top: 0px; margin-bottom: 0px; font-size: 1.19em; text-transform: uppercase; letter-spacing: 0.02em;\">PROTE\u00c7\u00c3O<\/h2><h3 class=\"wrapper_editor\" style=\"box-sizing: border-box; font-family: 'Trebuchet MS'; font-weight: 500; line-height: 1.6em; color: inherit; margin-top: 0px; margin-bottom: 0px; font-size: 1.067em; letter-spacing: 0px; padding: 5px 1px 15px;\">Prote\u00e7\u00e3o Vital do Condutor, uma cobertura que protege o condutor em caso de acidente, desde o primeiro momento, estando, ou n\u00e3o, definidas as responsabilidades pelo acidente.<\/h3><\/div><\/div><div aria-hidden=\"false\" class=\"reason_container slick-slide slick-active\" data-slick-index=\"2\" style=\"box-sizing: border-box; float: left; height: 217px; min-height: 170px; padding-right: 3px; padding-bottom: 35px; padding-left: 3px;\"><div class=\"reason\" style=\"box-sizing: border-box; vertical-align: top; display: inline-block; width: 295px; padding-right: 15px;\"><div class=\"check-circle\" style=\"box-sizing: border-box; width: 30px; height: 30px; font-size: 1.2em; color: rgb(255, 255, 255); border-radius: 100%; text-align: center; vertical-align: middle; line-height: 1.7em; margin-bottom: 13px; background: rgb(238, 36, 41);\">&nbsp;<\/div><h2 style=\"box-sizing: border-box; font-family: Lato, 'Trebuchet MS', sans-serif; line-height: 1.1; color: inherit; margin-top: 0px; margin-bottom: 0px; font-size: 1.19em; text-transform: uppercase; letter-spacing: 0.02em;\">WE CARE<\/h2><h3 class=\"wrapper_editor\" style=\"box-sizing: border-box; font-family: 'Trebuchet MS'; font-weight: 500; line-height: 1.6em; color: inherit; margin-top: 0px; margin-bottom: 0px; font-size: 1.067em; letter-spacing: 0px; padding: 5px 1px 15px;\"><span style=\"box-sizing: border-box;\">O compromisso cuja miss\u00e3o visa apoiar acidentados graves na reconstru\u00e7\u00e3o dos seus projetos de vida.<\/span><\/h3><\/div><\/div><\/div><\/div><\/div><\/div><div class=\"main_container slider\" style=\"box-sizing: border-box; position: relative; margin-right: auto; margin-left: auto; width: 1188px; font-size: 15px; text-align: center; color: rgb(59, 59, 59); font-family: 'Trebuchet MS', sans-serif; letter-spacing: -1px; background-color: rgb(240, 241, 243);\"><div class=\"main_item text-center\" style=\"box-sizing: border-box; padding-top: 63px; width: 383px; display: inline-block; vertical-align: top; margin-right: 10px;\"><div class=\"main_item_container\" style=\"box-sizing: border-box; position: relative; background: rgb(255, 255, 255);\"><div class=\"dog_icon\" style=\"box-sizing: border-box; width: 100px; height: 100px; border-radius: 100%; position: absolute; margin-right: auto; margin-left: -50px; top: -31px; font-size: 57px; left: 191.5px; color: rgb(238, 36, 41); padding-left: 12px; background-image: initial; background-attachment: initial; background-size: initial; background-origin: initial; background-clip: initial; background-position: initial; background-repeat: initial;\"><img decoding=\"async\" src=\"https:\/\/www.fidelidade.pt\/style%20library\/FidelidadeBranding\/img\/body\/img_ico_cao_big.png\" style=\"box-sizing: border-box; vertical-align: middle;\"><\/div><h2 style=\"box-sizing: border-box; font-family: Lato, 'Trebuchet MS', sans-serif; line-height: 1.1; color: inherit; margin-top: 0px; margin-bottom: 0px; font-size: 2.4em; text-transform: uppercase; letter-spacing: 0.02em; padding-top: 75px;\">ESSENCIAL<\/h2><h3 style=\"box-sizing: border-box; font-family: Lato, 'Trebuchet MS', sans-serif; font-weight: 500; line-height: 1em; color: inherit; margin-top: 0px; margin-bottom: 0px; font-size: 0.933em; text-transform: uppercase; letter-spacing: 0.15em;\">PROTE\u00c7\u00c3O BASE<\/h3><h4 style=\"box-sizing: border-box; font-family: inherit; font-weight: 500; line-height: 1.6em; color: inherit; margin-top: 0px; margin-bottom: 0px; font-size: 1.067em; padding: 30px; height: 150px;\">O seguro obrigat\u00f3rio com servi\u00e7os de assist\u00eancia<\/h4><div class=\"main_item_details\" style=\"box-sizing: border-box; padding-right: 30px; padding-left: 30px; text-align: left;\"><div class=\"main_item_detail\" style=\"box-sizing: border-box; font-size: 1.067em; display: table; vertical-align: middle; height: 66px; width: 323px; padding-top: 10px; padding-bottom: 10px; border-top-width: 1px; border-top-style: solid; border-top-color: rgb(232, 232, 232); border-bottom-width: 1px; border-bottom-style: solid; border-bottom-color: rgb(232, 232, 232);\"><span style=\"box-sizing: border-box; display: table-cell; vertical-align: middle;\">Responsabilidade Civil<\/span><\/div><div class=\"main_item_detail\" style=\"box-sizing: border-box; font-size: 1.067em; display: table; vertical-align: middle; height: 66px; width: 323px; padding-top: 10px; padding-bottom: 10px;\"><span style=\"box-sizing: border-box; display: table-cell; vertical-align: middle;\">Assist\u00eancia em Viagem<\/span><\/div><div class=\"main_item_detail\" style=\"box-sizing: border-box; font-size: 1.067em; display: table; vertical-align: middle; height: 66px; width: 323px; padding-top: 10px; padding-bottom: 10px; border-top-width: 1px; border-top-style: solid; border-top-color: rgb(232, 232, 232); border-bottom-width: 1px; border-bottom-style: solid; border-bottom-color: rgb(232, 232, 232);\"><span style=\"box-sizing: border-box; display: table-cell; vertical-align: middle;\">Quebra Isolada de Vidros<\/span><\/div><\/div><\/div><\/div>&nbsp;<div class=\"main_item text-center\" style=\"box-sizing: border-box; padding-top: 63px; width: 383px; display: inline-block; vertical-align: top; margin-right: 5px; margin-left: 5px;\"><div class=\"main_item_container\" style=\"box-sizing: border-box; position: relative; background: rgb(255, 255, 255);\"><div class=\"dog_icon\" style=\"box-sizing: border-box; width: 100px; height: 100px; border-radius: 100%; position: absolute; margin-right: auto; margin-left: -50px; top: -31px; font-size: 57px; left: 191.5px; color: rgb(238, 36, 41); padding-left: 12px; background-image: initial; background-attachment: initial; background-size: initial; background-origin: initial; background-clip: initial; background-position: initial; background-repeat: initial;\"><img decoding=\"async\" src=\"https:\/\/www.fidelidade.pt\/style%20library\/FidelidadeBranding\/img\/body\/img_ico_cao_big.png\" style=\"box-sizing: border-box; vertical-align: middle;\"><\/div><h2 style=\"box-sizing: border-box; font-family: Lato, 'Trebuchet MS', sans-serif; line-height: 1.1; color: inherit; margin-top: 0px; margin-bottom: 0px; font-size: 2.4em; text-transform: uppercase; letter-spacing: 0.02em; padding-top: 75px;\">AUTOESTIMA<\/h2><h3 style=\"box-sizing: border-box; font-family: Lato, 'Trebuchet MS', sans-serif; font-weight: 500; line-height: 1em; color: inherit; margin-top: 0px; margin-bottom: 0px; font-size: 0.933em; text-transform: uppercase; letter-spacing: 0.15em;\">EXCLUSIVO CARROS USADOS<\/h3><h4 style=\"box-sizing: border-box; font-family: inherit; font-weight: 500; line-height: 1.6em; color: inherit; margin-top: 0px; margin-bottom: 0px; font-size: 1.067em; padding: 30px; height: 150px;\">O seguro de danos pr\u00f3prios pensado para carros entre os 4 e os 15 anos<\/h4><div class=\"main_item_details\" style=\"box-sizing: border-box; padding-right: 30px; padding-left: 30px; text-align: left;\"><div class=\"main_item_detail\" style=\"box-sizing: border-box; font-size: 1.067em; display: table; vertical-align: middle; height: 66px; width: 323px; padding-top: 10px; padding-bottom: 10px; border-top-width: 1px; border-top-style: solid; border-top-color: rgb(232, 232, 232); border-bottom-width: 1px; border-bottom-style: solid; border-bottom-color: rgb(232, 232, 232);\"><span style=\"box-sizing: border-box; display: table-cell; vertical-align: middle;\">Assist\u00eancia em Viagem<\/span><\/div><div class=\"main_item_detail\" style=\"box-sizing: border-box; font-size: 1.067em; display: table; vertical-align: middle; height: 66px; width: 323px; padding-top: 10px; padding-bottom: 10px;\"><span style=\"box-sizing: border-box; display: table-cell; vertical-align: middle;\">Choque, Colis\u00e3o ou Capotamento<\/span><\/div><div class=\"main_item_detail\" style=\"box-sizing: border-box; font-size: 1.067em; display: table; vertical-align: middle; height: 66px; width: 323px; padding-top: 10px; padding-bottom: 10px; border-top-width: 1px; border-top-style: solid; border-top-color: rgb(232, 232, 232); border-bottom-width: 1px; border-bottom-style: solid; border-bottom-color: rgb(232, 232, 232);\"><span style=\"box-sizing: border-box; display: table-cell; vertical-align: middle;\">Riscos Sociais e Pol\u00edticos<\/span><\/div><\/div><\/div><\/div>&nbsp;<div class=\"main_item text-center\" style=\"box-sizing: border-box; padding-top: 63px; width: 383px; display: inline-block; vertical-align: top; margin-left: 10px;\"><div class=\"main_item_container\" style=\"box-sizing: border-box; position: relative; background: rgb(255, 255, 255);\"><div class=\"dog_icon\" style=\"box-sizing: border-box; width: 100px; height: 100px; border-radius: 100%; position: absolute; margin-right: auto; margin-left: -50px; top: -31px; font-size: 57px; left: 191.5px; color: rgb(238, 36, 41); padding-left: 12px; background-image: initial; background-attachment: initial; background-size: initial; background-origin: initial; background-clip: initial; background-position: initial; background-repeat: initial;\"><img decoding=\"async\" src=\"https:\/\/www.fidelidade.pt\/style%20library\/FidelidadeBranding\/img\/body\/img_ico_cao_big.png\" style=\"box-sizing: border-box; vertical-align: middle;\"><\/div><h2 style=\"box-sizing: border-box; font-family: Lato, 'Trebuchet MS', sans-serif; line-height: 1.1; color: inherit; margin-top: 0px; margin-bottom: 0px; font-size: 2.4em; text-transform: uppercase; letter-spacing: 0.02em; padding-top: 75px;\">EXTRA<\/h2><h3 style=\"box-sizing: border-box; font-family: Lato, 'Trebuchet MS', sans-serif; font-weight: 500; line-height: 1em; color: inherit; margin-top: 0px; margin-bottom: 0px; font-size: 0.933em; text-transform: uppercase; letter-spacing: 0.15em;\">PROTE\u00c7\u00c3O EXTRA<\/h3><h4 style=\"box-sizing: border-box; font-family: inherit; font-weight: 500; line-height: 1.6em; color: inherit; margin-top: 0px; margin-bottom: 0px; font-size: 1.067em; padding: 30px; height: 150px;\">Uma prote\u00e7\u00e3o ampla, com todas as garantias de danos ao ve\u00edculo<\/h4><div class=\"main_item_details\" style=\"box-sizing: border-box; padding-right: 30px; padding-left: 30px; text-align: left;\"><div class=\"main_item_detail\" style=\"box-sizing: border-box; font-size: 1.067em; display: table; vertical-align: middle; height: 66px; width: 323px; padding-top: 10px; padding-bottom: 10px; border-top-width: 1px; border-top-style: solid; border-top-color: rgb(232, 232, 232); border-bottom-width: 1px; border-bottom-style: solid; border-bottom-color: rgb(232, 232, 232);\"><span style=\"box-sizing: border-box; display: table-cell; vertical-align: middle;\">D\u00edvida Segura<\/span><\/div><div class=\"main_item_detail\" style=\"box-sizing: border-box; font-size: 1.067em; display: table; vertical-align: middle; height: 66px; width: 323px; padding-top: 10px; padding-bottom: 10px;\"><span style=\"box-sizing: border-box; display: table-cell; vertical-align: middle;\">Perda Total<\/span><\/div><div class=\"main_item_detail\" style=\"box-sizing: border-box; font-size: 1.067em; display: table; vertical-align: middle; height: 66px; width: 323px; padding-top: 10px; padding-bottom: 10px; border-top-width: 1px; border-top-style: solid; border-top-color: rgb(232, 232, 232); border-bottom-width: 1px; border-bottom-style: solid; border-bottom-color: rgb(232, 232, 232);\"><span style=\"box-sizing: border-box; display: table-cell; vertical-align: middle;\">Responsabilidade Civil Carga<\/span><\/div><\/div><\/div><\/div><\/div><\/div><p>&nbsp;<\/p>\n","protected":false},"excerpt":{"rendered":"<p>PARTICULARES AUTOM\u00d3VEL CONDUZA SEGURO NA ESTRADA E NA VIDA &nbsp; 3 RAZ\u00d5ES \u200bpara confiar nas solu\u00e7\u00f5es de prote\u00e7\u00e3o Autom\u00f3vel da Fidelidade &nbsp; &nbsp; FLEX\u00cdVEL \u200bLeque de garantias e servi\u00e7os diversificado que permite a constru\u00e7\u00e3o do seguro autom\u00f3vel que mais se adapta \u00e0s suas necessidades. &nbsp; PROTE\u00c7\u00c3O Prote\u00e7\u00e3o Vital do Condutor, uma cobertura que protege o [&hellip;]<\/p>\n","protected":false},"author":1,"featured_media":0,"parent":0,"menu_order":0,"comment_status":"closed","ping_status":"closed","template":"","meta":{"footnotes":""},"class_list":["post-281","page","type-page","status-publish","hentry"],"_links":{"self":[{"href":"https:\/\/moramarante.pt\/index.php\/wp-json\/wp\/v2\/pages\/281","targetHints":{"allow":["GET"]}}],"collection":[{"href":"https:\/\/moramarante.pt\/index.php\/wp-json\/wp\/v2\/pages"}],"about":[{"href":"https:\/\/moramarante.pt\/index.php\/wp-json\/wp\/v2\/types\/page"}],"author":[{"embeddable":true,"href":"https:\/\/moramarante.pt\/index.php\/wp-json\/wp\/v2\/users\/1"}],"replies":[{"embeddable":true,"href":"https:\/\/moramarante.pt\/index.php\/wp-json\/wp\/v2\/comments?post=281"}],"version-history":[{"count":2,"href":"https:\/\/moramarante.pt\/index.php\/wp-json\/wp\/v2\/pages\/281\/revisions"}],"predecessor-version":[{"id":283,"href":"https:\/\/moramarante.pt\/index.php\/wp-json\/wp\/v2\/pages\/281\/revisions\/283"}],"wp:attachment":[{"href":"https:\/\/moramarante.pt\/index.php\/wp-json\/wp\/v2\/media?parent=281"}],"curies":[{"name":"wp","href":"https:\/\/api.w.org\/{rel}","templated":true}]}}